{"id":6616,"date":"2026-02-12T09:01:09","date_gmt":"2026-02-12T09:01:09","guid":{"rendered":"https:\/\/bredaatelier.com\/?post_type=product&#038;p=6616"},"modified":"2026-03-23T14:04:34","modified_gmt":"2026-03-23T14:04:34","slug":"we-are-lost","status":"publish","type":"product","link":"https:\/\/bredaatelier.com\/pt\/produto\/we-are-lost\/","title":{"rendered":"We are lost"},"content":{"rendered":"<div data-elementor-type=\"wp-post\" data-elementor-id=\"6616\" class=\"elementor elementor-6616\">\n\t\t\t\t<div class=\"elementor-element elementor-element-74abc094 e-flex e-con-boxed wpr-particle-no wpr-jarallax-no wpr-parallax-no wpr-sticky-section-no wpr-equal-height-no e-con e-parent\" data-id=\"74abc094\" data-element_type=\"container\" data-e-type=\"container\">\n\t\t\t\t\t<div class=\"e-con-inner\">\n\t\t\t\t\t<\/div>\n\t\t\t\t<\/div>\n\t\t<div class=\"elementor-element elementor-element-47077fb e-flex e-con-boxed wpr-particle-no wpr-jarallax-no wpr-parallax-no wpr-sticky-section-no wpr-equal-height-no e-con e-parent\" data-id=\"47077fb\" data-element_type=\"container\" data-e-type=\"container\">\n\t\t\t\t\t<div class=\"e-con-inner\">\n\t\t\t\t\t<\/div>\n\t\t\t\t<\/div>\n\t\t<div class=\"elementor-element elementor-element-bfbce28 e-flex e-con-boxed wpr-particle-no wpr-jarallax-no wpr-parallax-no wpr-sticky-section-no wpr-equal-height-no e-con e-parent\" data-id=\"bfbce28\" data-element_type=\"container\" data-e-type=\"container\">\n\t\t\t\t\t<div class=\"e-con-inner\">\n\t\t\t\t\t<\/div>\n\t\t\t\t<\/div>\n\t\t\t\t<\/div>","protected":false},"excerpt":{"rendered":"<p><strong>Escultura Cer\u00e2mica<\/strong><br \/>\nPe\u00e7a \u00fanica. Feita \u00e0 m\u00e3o.<\/p>\n<p><strong>Ano<\/strong><br \/>\n2025<\/p>\n<p>&nbsp;<\/p>\n<p>\u2714    Certificado de Autenticidade<\/p>","protected":false},"featured_media":6617,"template":"elementor_theme","meta":[],"product_brand":[],"product_cat":[16],"product_tag":[],"class_list":{"0":"post-6616","1":"product","2":"type-product","3":"status-publish","4":"has-post-thumbnail","6":"product_cat-sculpture","8":"first","9":"instock","10":"sold-individually","11":"shipping-taxable","12":"purchasable","13":"product-type-simple"},"aioseo_notices":[],"_links":{"self":[{"href":"https:\/\/bredaatelier.com\/pt\/wp-json\/wp\/v2\/product\/6616","targetHints":{"allow":["GET"]}}],"collection":[{"href":"https:\/\/bredaatelier.com\/pt\/wp-json\/wp\/v2\/product"}],"about":[{"href":"https:\/\/bredaatelier.com\/pt\/wp-json\/wp\/v2\/types\/product"}],"version-history":[{"count":12,"href":"https:\/\/bredaatelier.com\/pt\/wp-json\/wp\/v2\/product\/6616\/revisions"}],"predecessor-version":[{"id":9887,"href":"https:\/\/bredaatelier.com\/pt\/wp-json\/wp\/v2\/product\/6616\/revisions\/9887"}],"wp:featuredmedia":[{"embeddable":true,"href":"https:\/\/bredaatelier.com\/pt\/wp-json\/wp\/v2\/media\/6617"}],"wp:attachment":[{"href":"https:\/\/bredaatelier.com\/pt\/wp-json\/wp\/v2\/media?parent=6616"}],"wp:term":[{"taxonomy":"product_brand","embeddable":true,"href":"https:\/\/bredaatelier.com\/pt\/wp-json\/wp\/v2\/product_brand?post=6616"},{"taxonomy":"product_cat","embeddable":true,"href":"https:\/\/bredaatelier.com\/pt\/wp-json\/wp\/v2\/product_cat?post=6616"},{"taxonomy":"product_tag","embeddable":true,"href":"https:\/\/bredaatelier.com\/pt\/wp-json\/wp\/v2\/product_tag?post=6616"}],"curies":[{"name":"wp","href":"https:\/\/api.w.org\/{rel}","templated":true}]}}