{"id":6225,"date":"2026-02-12T03:00:48","date_gmt":"2026-02-12T03:00:48","guid":{"rendered":"https:\/\/bredaatelier.com\/?post_type=product&#038;p=6225"},"modified":"2026-03-23T14:11:19","modified_gmt":"2026-03-23T14:11:19","slug":"the-dance","status":"publish","type":"product","link":"https:\/\/bredaatelier.com\/pt\/produto\/the-dance\/","title":{"rendered":"The Dance"},"content":{"rendered":"<div data-elementor-type=\"wp-post\" data-elementor-id=\"6225\" class=\"elementor elementor-6225\">\n\t\t\t\t<div class=\"elementor-element elementor-element-74abc094 e-flex e-con-boxed wpr-particle-no wpr-jarallax-no wpr-parallax-no wpr-sticky-section-no wpr-equal-height-no e-con e-parent\" data-id=\"74abc094\" data-element_type=\"container\" data-e-type=\"container\">\n\t\t\t\t\t<div class=\"e-con-inner\">\n\t\t\t\t\t<\/div>\n\t\t\t\t<\/div>\n\t\t<div class=\"elementor-element elementor-element-47077fb e-flex e-con-boxed wpr-particle-no wpr-jarallax-no wpr-parallax-no wpr-sticky-section-no wpr-equal-height-no e-con e-parent\" data-id=\"47077fb\" data-element_type=\"container\" data-e-type=\"container\">\n\t\t\t\t\t<div class=\"e-con-inner\">\n\t\t\t\t\t<\/div>\n\t\t\t\t<\/div>\n\t\t\t\t<\/div>","protected":false},"excerpt":{"rendered":"<p><strong>Escultura Cer\u00e2mica<\/strong><br \/>\nPe\u00e7a \u00fanica. Feita \u00e0 m\u00e3o.<\/p>\n<p><strong>Ano<\/strong><br \/>\n2024<\/p>\n<p>&nbsp;<\/p>\n<p>\u2714    Certificado de Autenticidade<\/p>","protected":false},"featured_media":6913,"template":"elementor_theme","meta":[],"product_brand":[],"product_cat":[16],"product_tag":[],"class_list":{"0":"post-6225","1":"product","2":"type-product","3":"status-publish","4":"has-post-thumbnail","6":"product_cat-sculpture","8":"first","9":"instock","10":"sold-individually","11":"shipping-taxable","12":"purchasable","13":"product-type-simple"},"aioseo_notices":[],"_links":{"self":[{"href":"https:\/\/bredaatelier.com\/pt\/wp-json\/wp\/v2\/product\/6225","targetHints":{"allow":["GET"]}}],"collection":[{"href":"https:\/\/bredaatelier.com\/pt\/wp-json\/wp\/v2\/product"}],"about":[{"href":"https:\/\/bredaatelier.com\/pt\/wp-json\/wp\/v2\/types\/product"}],"version-history":[{"count":17,"href":"https:\/\/bredaatelier.com\/pt\/wp-json\/wp\/v2\/product\/6225\/revisions"}],"predecessor-version":[{"id":9895,"href":"https:\/\/bredaatelier.com\/pt\/wp-json\/wp\/v2\/product\/6225\/revisions\/9895"}],"wp:featuredmedia":[{"embeddable":true,"href":"https:\/\/bredaatelier.com\/pt\/wp-json\/wp\/v2\/media\/6913"}],"wp:attachment":[{"href":"https:\/\/bredaatelier.com\/pt\/wp-json\/wp\/v2\/media?parent=6225"}],"wp:term":[{"taxonomy":"product_brand","embeddable":true,"href":"https:\/\/bredaatelier.com\/pt\/wp-json\/wp\/v2\/product_brand?post=6225"},{"taxonomy":"product_cat","embeddable":true,"href":"https:\/\/bredaatelier.com\/pt\/wp-json\/wp\/v2\/product_cat?post=6225"},{"taxonomy":"product_tag","embeddable":true,"href":"https:\/\/bredaatelier.com\/pt\/wp-json\/wp\/v2\/product_tag?post=6225"}],"curies":[{"name":"wp","href":"https:\/\/api.w.org\/{rel}","templated":true}]}}