{"id":7760,"date":"2026-02-08T16:43:33","date_gmt":"2026-02-08T16:43:33","guid":{"rendered":"https:\/\/bredaatelier.com\/?page_id=7760"},"modified":"2026-02-10T18:44:58","modified_gmt":"2026-02-10T18:44:58","slug":"privacy-policy","status":"publish","type":"page","link":"https:\/\/bredaatelier.com\/pt\/privacy-policy\/","title":{"rendered":"Pol\u00edtica de Privacidade"},"content":{"rendered":"<div data-elementor-type=\"wp-page\" data-elementor-id=\"7760\" class=\"elementor elementor-7760\">\n\t\t\t\t<div class=\"elementor-element elementor-element-1a951b8 e-grid e-con-boxed wpr-particle-no wpr-jarallax-no wpr-parallax-no wpr-sticky-section-no wpr-equal-height-no e-con e-parent\" data-id=\"1a951b8\" data-element_type=\"container\" data-e-type=\"container\">\n\t\t\t\t\t<div class=\"e-con-inner\">\n\t\t\t\t<div class=\"elementor-element elementor-element-711aaf7 elementor-widget elementor-widget-spacer\" data-id=\"711aaf7\" data-element_type=\"widget\" data-e-type=\"widget\" data-widget_type=\"spacer.default\">\n\t\t\t\t<div class=\"elementor-widget-container\">\n\t\t\t\t\t\t\t<div class=\"elementor-spacer\">\n\t\t\t<div class=\"elementor-spacer-inner\"><\/div>\n\t\t<\/div>\n\t\t\t\t\t\t<\/div>\n\t\t\t\t<\/div>\n\t\t\t\t\t<\/div>\n\t\t\t\t<\/div>\n\t\t<div class=\"elementor-element elementor-element-e3e389f e-flex e-con-boxed wpr-particle-no wpr-jarallax-no wpr-parallax-no wpr-sticky-section-no wpr-equal-height-no e-con e-parent\" data-id=\"e3e389f\" data-element_type=\"container\" data-e-type=\"container\">\n\t\t\t\t\t<div class=\"e-con-inner\">\n\t\t\t\t<div class=\"elementor-element elementor-element-a3084d6 elementor-widget elementor-widget-heading\" data-id=\"a3084d6\" data-element_type=\"widget\" data-e-type=\"widget\" data-widget_type=\"heading.default\">\n\t\t\t\t<div class=\"elementor-widget-container\">\n\t\t\t\t\t<h2 class=\"elementor-heading-title elementor-size-default\">Pol\u00edtica de Privacidade<\/h2>\t\t\t\t<\/div>\n\t\t\t\t<\/div>\n\t\t\t\t<div class=\"elementor-element elementor-element-206be97 elementor-widget__width-initial elementor-widget elementor-widget-text-editor\" data-id=\"206be97\" data-element_type=\"widget\" data-e-type=\"widget\" data-widget_type=\"text-editor.default\">\n\t\t\t\t<div class=\"elementor-widget-container\">\n\t\t\t\t\t\t\t\t\t<p>O Breda Atelier reconhece a import\u00e2ncia de proteger os dados pessoais. Valorizamos a honestidade e a transpar\u00eancia, de forma a construir uma rela\u00e7\u00e3o duradoura com os nossos utilizadores, baseada na confian\u00e7a e no benef\u00edcio m\u00fatuo. Ao utilizar o nosso website www.bredaatelier.com, estar\u00e1 a consentir com os termos descritos nesta pol\u00edtica de privacidade.<\/p><p>A presente pol\u00edtica de privacidade tem o objetivo de explicar o nosso processo de tratamento de dados pessoais. Se tiver alguma d\u00favida relativamente \u00e0 nossa pol\u00edtica de privacidade ou termos e condi\u00e7\u00f5es, pode contactar-nos atrav\u00e9s dos meios referidos em 1.1.<\/p><p>\u00a0<\/p><p><strong>1. Identifica\u00e7\u00e3o\u00a0<span class=\"Apple-converted-space\">\u00a0<\/span><\/strong><\/p><p>1.1. Nome: Breda Atelier<\/p><p>Localiza\u00e7\u00e3o : R. Coronel Veiga Sim\u00e3o, Ed. CTCV , 3025-307 Coimbra\n\u00a0<\/p><p>Email: info@bredaatelier.com<\/p><p>\u00a0<\/p><p><strong>2. Princ\u00edpios\u2028<\/strong><\/p><p><strong>2.1. Respeito pela vontade do utilizador<\/strong><\/p><p>Respeitamos a privacidade e seguran\u00e7a dos dados pessoais, zelando pelas prefer\u00eancias do utilizador, assim como a gest\u00e3o aut\u00f3noma, livre e simples das mesmas. Se o utilizador discordar de algum ponto referido nesta pol\u00edtica, pode, a qualquer momento opor-se, entrando em contacto connosco atrav\u00e9s dos meios referidos em 1.1.<\/p><p>\u00a0<\/p><p><strong>2.2. Boas pr\u00e1ticas<\/strong><\/p><p>O Breda Atelier determina as finalidades e os meios pelos quais os dados pessoais s\u00e3o processados, incluindo as medidas de seguran\u00e7a aplic\u00e1veis. Garantimos que os dados pessoais s\u00e3o tratados em Portugal, de uma forma correta, \u00a0l\u00edcita e em conformidade com as boas pr\u00e1ticas.<\/p><p>\u00a0<\/p><p><strong>2.3. Estrita necessidade<\/strong><\/p><p>No tratamento de dados que podem identificar o utilizador pessoalmente, direta ou indiretamente, aplicamos o princ\u00edpio da estrita necessidade. Por esta raz\u00e3o, a utiliza\u00e7\u00e3o de dados pessoais ser\u00e1 m\u00ednima, de forma a n\u00e3o exceder a finalidade original para a qual foram recolhidos e\/ou processados.<\/p><p>\u00a0<\/p><p><strong>3. Recolha e tratamento de dados pessoais\u2028<\/strong><br \/>3.1. Os dados pessoais recolhidos e tratados pelo Breda Atelier s\u00e3o apenas os que volunt\u00e1ria, expressa e inequivocamente, o utilizador colocar nos formul\u00e1rios deste website.<\/p><p>3.2. Os dados pessoais recolhidos s\u00e3o: nome, email, telem\u00f3vel, morada, NIF.<\/p><p>\u00a0<\/p><p><strong>4. Finalidade do tratamento de dados pessoais<\/strong><br \/>\u20284.1. Os dados pessoais s\u00e3o recolhidos e processados pelo Breda Atelier apenas para fins estritamente ligados ao uso deste site, aos servi\u00e7os a este associados , \u00e0 venda de produtos, realiza\u00e7\u00e3o de gest\u00e3o e melhoria do programa de fideliza\u00e7\u00e3o, marketing direto, \u00a0suporte e apoio ao cliente.<\/p><p>4.2. O Breda Ateliervprocura manter a rela\u00e7\u00e3o com o utilizador e proporcionar-lhe os devidos benef\u00edcios, informa\u00e7\u00e3o e conte\u00fado relevantes relacionados com a nossa marca. Os dados ser\u00e3o apenas tratados para estas finalidades determinadas, expl\u00edcitas e leg\u00edtimas, n\u00e3o sendo posteriormente tratados de forma incompat\u00edvel com estas. Os dados recolhidos e tratados s\u00e3o os adequados, pertinentes e n\u00e3o excessivos em rela\u00e7\u00e3o a estas finalidades.<\/p><p>4.3. \u00a0No entanto, os dados pessoais podem tamb\u00e9m ser utilizados para outras opera\u00e7\u00f5es de processamento dentro dos limites de tais aplica\u00e7\u00f5es. Em particular, os dados pessoais podem ser tratados para os seguintes fins:<\/p><p>A) quando faz uma compra neste site, recolhemos dados pessoais (por exemplo, endere\u00e7o de e-mail, morada de entrega, n\u00famero do cart\u00e3o de cr\u00e9dito e n\u00famero de telefone) no formul\u00e1rio de compra, apenas para efeitos de venda, separa\u00e7\u00e3o e transporte dos produtos encomendados por si;<\/p><p>B) quando solicita a assist\u00eancia do apoio ao cliente recolhemos dados pessoais (por exemplo, primeiro e \u00faltimo nome, endere\u00e7o de e-mail) apenas com o objetivo de lhe fornecer os servi\u00e7os de apoio ao cliente com que sejam relevantes para este site e para lhe oferecer a assist\u00eancia que nos pediu;<\/p><p>C) quando se regista, \u00a0recolhemos dados pessoais a fim de simplificar a elabora\u00e7\u00e3o de futuras encomendas (editar caso existam mais benef\u00edcios);<\/p><p>D) quando se subscreve na newsletter, recolhemos o endere\u00e7o de email com o objetivo de lhe oferecermos esse servi\u00e7o;\u2028<\/p><p>E) quando navega no nosso site, recolhemos cookies. Dependendo da gest\u00e3o que fez das cookies no nosso site e da sua intera\u00e7\u00e3o connosco, usamos alguma informa\u00e7\u00e3o recolhida por cookies de forma a garantir o funcionamento adequado no site, destacando a visualiza\u00e7\u00e3o adequada de conte\u00fado, relembrar o carrinho, relembrar o registo, adequar a resolu\u00e7\u00e3o do ecr\u00e3, para melhorar as nossas ofertas, entre outros. Esta informa\u00e7\u00e3o inclui dados de registo, localiza\u00e7\u00e3o, dura\u00e7\u00e3o da sess\u00e3o, produtos que selecionou, equipamento, browser e endere\u00e7o de IP.<\/p><p>F) quando se regista no nosso website, recolhemos o endere\u00e7o de email com o objetivo de enviar os conte\u00fados solicitados, inclu\u00edndo a nossa newsletter.<\/p><p>4.4. Quando recolhemos dados, indicamos os campos obrigat\u00f3rios com asteriscos, quando os dados em causa s\u00e3o necess\u00e1rios para:<\/p><p>- Celebrar o nosso contrato consigo (por exemplo para o fornecimento de produtos que adquiriu nos nossos websites \/ apps);\nFornecer-lhe o servi\u00e7o que solicitou (por exemplo fornecendo-lhe uma newsletter); \nouRespeitar os requisitos legais (por exemplo,a fatura\u00e7\u00e3o).<\/p><p>4.5. N\u00e3o partilhamos ou cedemos as suas informa\u00e7\u00f5es pessoais a terceiros, exceto quando necess\u00e1rio para a presta\u00e7\u00e3o de servi\u00e7os solicitados por si, como processamento de pagamentos ou envio de encomendas.<\/p><p><span class=\"Apple-converted-space\">\u00a0<\/span><\/p><p><strong>5. Direitos do utilizador\u2028<\/strong><br \/>5.1. Para exercer o direito de acesso, retifica\u00e7\u00e3o, apagamento, esquecimento ou bloqueio dos dados pessoais, o utilizador pode enviar uma comunica\u00e7\u00e3o escrita para o seguinte endere\u00e7o de correio eletr\u00f3nico: info@bredaatelier.com<\/p><p>5.2. Caso queira deixar de receber comunica\u00e7\u00f5es de marketing direto, pode, em qualquer momento, exercer o direito de oposi\u00e7\u00e3o ao tratamento de dados pessoais, atrav\u00e9s da gest\u00e3o de consentimentos dispon\u00edveis na \u00e1rea de cliente da loja online. Pode faz\u00ea-lo, ainda, enviando uma mensagem de correio eletr\u00f3nico para o endere\u00e7o de correio eletr\u00f3nico: info@bredaatelier.com <a href=\"mailto:info@bredaatelier.com\">info@bredaatelier.com<\/a><\/p><p>\u00a0<\/p><p><strong>6. Seguran\u00e7a\u2028<\/strong><br \/>6.1 O Breda Atelier utiliza as medidas de seguran\u00e7a adequadas \u00e0 prote\u00e7\u00e3o de dados pessoais contra a destrui\u00e7\u00e3o, acidental ou il\u00edcita, a perda acidental, a altera\u00e7\u00e3o, a difus\u00e3o ou o acesso n\u00e3o autorizado, e contra qualquer outra forma de tratamento il\u00edcito. Adicionalmente, exigimos contratualmente que as entidades externas de confian\u00e7a que tratam dados pessoais por n\u00f3s fa\u00e7am o mesmo.<\/p><p>6.2. No entanto, o Breda Atelier n\u00e3o pode garantir que as medidas de seguran\u00e7a adotadas para a prote\u00e7\u00e3o deste site e para a transmiss\u00e3o de dados e informa\u00e7\u00e3o atrav\u00e9s deste site ir\u00e1 impedir ou excluir qualquer risco de acesso n\u00e3o autorizado ou perda de dados. Assim, aconselhamos que o computador esteja equipado com dispositivos de software que o protejam na transmiss\u00e3o e rece\u00e7\u00e3o de dados (tais como sistemas antiv\u00edrus atualizados), e que o browser tome as medidas adequadas para garantir a seguran\u00e7a na transmiss\u00e3o de dados (tais como firewall e filtros anti-spam).<\/p><p>\u00a0<\/p><p><strong>7. Prazo de reten\u00e7\u00e3o e processamento<\/strong><br \/>7.1. Os dados s\u00e3o conservados pelo Breda Atelier \u00a0para as finalidades aqui descritas durante o tempo necess\u00e1rio para os fins citados, exceto se os dados pessoais em causa sejam necess\u00e1rios para comprovar o cumprimento de obriga\u00e7\u00f5es, enquanto n\u00e3o decorrer o prazo de prescri\u00e7\u00e3o dos direitos correspetivos, ou caso exista um prazo superior de conserva\u00e7\u00e3o de dados imposto por lei.<\/p><p>7.2. Quando os dados pessoais j\u00e1 n\u00e3o forem necess\u00e1rios, ser\u00e3o removidos dos nossos sistemas e registos ou mantido de forma an\u00f3nima para que n\u00e3o possa ser identificado a partir dos mesmos.<\/p><p>\u00a0<\/p><p><strong>8. Altera\u00e7\u00f5es \u00e0 Pol\u00edtica de Privacidade: Reservamo-nos o direito de atualizar esta Pol\u00edtica de Privacidade quando necess\u00e1rop. Quaisquer altera\u00e7\u00f5es significativas ser\u00e3o comunicadas atrav\u00e9s do nosso site ou atrav\u00e9s de outros meios.<\/strong> We reserve the right to update this Privacy Policy when necessary. Any significant changes will be communicated through our website or other means.<\/p><p>Ao usar o nosso site, concorda com os termos descritos nesta Pol\u00edtica de Privacidade. Se tiver alguma d\u00favida em rela\u00e7\u00e3o \u00e0 privacidade dos seus dados, por favor, contate-nos atrav\u00e9s dos contatos referidos no ponto 1.1.<\/p>\t\t\t\t\t\t\t\t<\/div>\n\t\t\t\t<\/div>\n\t\t\t\t\t<\/div>\n\t\t\t\t<\/div>\n\t\t\t\t<\/div>","protected":false},"excerpt":{"rendered":"<p>Privacy Policy Breda Atelier recognizes the importance of protecting personal data. We value honesty and transparency in order to build a lasting relationship with our users, based on trust and mutual benefit. By using our website www.bredaatelier.com, you are agreeing to the terms described in this privacy policy. This privacy policy aims to explain our personal data processing procedure. If you have any questions regarding our privacy policy or terms and conditions, you can contact us through the means referred to in 1.1. \u00a0 1. Identification\u00a0 1.1. Name: Breda Atelier Location: R. Coronel Veiga Sim\u00e3o, Ed. CTCV, 3025-307 Coimbra Email: info@bredaatelier.com \u00a0 2. Principles 2.1. Respect for the user&#8217;s wishes We respect the privacy and security of personal data, ensuring the user&#8217;s preferences, as well as the autonomous, free, and simple management thereof. If the user disagrees with any point mentioned in this policy, they may object at any time by contacting us through the means referred to in 1.1. \u00a0 2.2. Good practices Breda Atelier determines the purposes and means by which personal data is processed, including the applicable security measures. We guarantee that personal data is processed in Portugal in a correct, lawful manner and in accordance with good practices. \u00a0 2.3. Strict necessity When processing data that can identify the user personally, directly or indirectly, we apply the principle of strict necessity. For this reason, the use of personal data will be minimal, so as not to exceed the original purpose for which it was collected and\/or processed. \u00a0 3. Collection and processing of personal data3.1. The personal data collected and processed by Breda Atelier is only that which the user voluntarily, expressly, and unequivocally enters into the forms on this website. 3.2. The personal data collected is: name, email, mobile phone number, address, and tax identification number. \u00a0 4. Purpose of personal data processing4.1. Personal data is collected and processed by Breda Atelier only for purposes strictly related to the use of this website, the services associated with it, the sale of products, the management and improvement of the loyalty program, direct marketing, and customer support. 4.2. Breda Atelier seeks to maintain its relationship with users and provide them with the appropriate benefits, information, and relevant content related to our brand. The data will only be processed for these specific, explicit, and legitimate purposes and will not be further processed in a manner incompatible with these purposes. The data collected and processed is adequate, relevant, and not excessive in relation to these purposes. 4.3. However, personal data may also be used for other processing operations within the limits of such applications. In particular, personal data may be processed for the following purposes: A) when you make a purchase on this website, we collect personal data (e.g., email address, delivery address, credit card number, and phone number) on the purchase form, solely for the purposes of selling, sorting, and shipping the products you have ordered; B) when you request customer support assistance, we collect personal data (e.g., first and last name, email address) solely for the purpose of providing you with customer support services relevant to this website and to offer you the assistance you have requested; C) When you register, we collect personal data in order to simplify the processing of future orders (edit if there are further benefits); D) When you subscribe to the newsletter, we collect your email address for the purpose of providing you with this service; E) When you browse our website, we collect cookies. Depending on how you manage cookies on our website and your interaction with us, we use some information collected by cookies to ensure the proper functioning of the website, highlighting the proper display of content, remembering your shopping cart, remembering your registration, adjusting the screen resolution, improving our offers, among others. This information includes registration data, location, session duration, products you have selected, equipment, browser, and IP address. F) When you register on our website, we collect your email address for the purpose of sending you the requested content, including our newsletter. 4.4. When we collect data, we indicate the mandatory fields with asterisks, when the data in question is necessary to: &#8211; Enter into our contract with you (for example, to supply products you have purchased on our websites\/apps); Provide you with the service you have requested (for example, by providing you with a newsletter); or Comply with legal requirements (for example, invoicing). 4.5. We do not share or transfer your personal information to third parties, except when necessary to provide services requested by you, such as processing payments or shipping orders. \u00a0 5. User rights5.1. To exercise your right to access, rectify, erase, be forgotten, or block your personal data, you can send a written communication to the following email address: info@bredaatelier.com 5.2. If you no longer wish to receive direct marketing communications, you may, at any time, exercise your right to object to the processing of personal data by managing your consent in the customer area of the online store. You can also do this by sending an email to the following email address: info@bredaatelier.com \u00a0 6. Security6.1 Breda Atelier uses appropriate security measures to protect personal data against accidental or unlawful destruction, accidental loss, alteration, dissemination, or unauthorized access, and against any other form of unlawful processing. In addition, we contractually require trusted third parties who process personal data on our behalf to do the same. 6.2 However, Breda Atelier cannot guarantee that the security measures adopted to protect this website and the transmission of data and information through this website will prevent or exclude any risk of unauthorized access or loss of data. Therefore, we advise that your computer be equipped with software devices that protect it during the transmission and reception of data (such as updated antivirus systems), and that your browser take appropriate measures to ensure the security of data transmission (such as firewalls and anti-spam filters). \u00a0 7. Retention and processing period7.1. The data is retained by Breda<\/p>","protected":false},"author":1,"featured_media":0,"parent":0,"menu_order":0,"comment_status":"closed","ping_status":"closed","template":"elementor_canvas","meta":{"footnotes":""},"class_list":["post-7760","page","type-page","status-publish","hentry"],"aioseo_notices":[],"_links":{"self":[{"href":"https:\/\/bredaatelier.com\/pt\/wp-json\/wp\/v2\/pages\/7760","targetHints":{"allow":["GET"]}}],"collection":[{"href":"https:\/\/bredaatelier.com\/pt\/wp-json\/wp\/v2\/pages"}],"about":[{"href":"https:\/\/bredaatelier.com\/pt\/wp-json\/wp\/v2\/types\/page"}],"author":[{"embeddable":true,"href":"https:\/\/bredaatelier.com\/pt\/wp-json\/wp\/v2\/users\/1"}],"replies":[{"embeddable":true,"href":"https:\/\/bredaatelier.com\/pt\/wp-json\/wp\/v2\/comments?post=7760"}],"version-history":[{"count":27,"href":"https:\/\/bredaatelier.com\/pt\/wp-json\/wp\/v2\/pages\/7760\/revisions"}],"predecessor-version":[{"id":7861,"href":"https:\/\/bredaatelier.com\/pt\/wp-json\/wp\/v2\/pages\/7760\/revisions\/7861"}],"wp:attachment":[{"href":"https:\/\/bredaatelier.com\/pt\/wp-json\/wp\/v2\/media?parent=7760"}],"curies":[{"name":"wp","href":"https:\/\/api.w.org\/{rel}","templated":true}]}}