{"id":9997,"date":"2026-04-11T22:06:10","date_gmt":"2026-04-11T22:06:10","guid":{"rendered":"https:\/\/bredaatelier.com\/?post_type=product&#038;p=9997"},"modified":"2026-04-13T01:05:16","modified_gmt":"2026-04-13T01:05:16","slug":"workshop-tufting","status":"publish","type":"product","link":"https:\/\/bredaatelier.com\/en\/product\/workshop-tufting\/","title":{"rendered":"Workshop &#8211; Tufting"},"content":{"rendered":"\t\t<div data-elementor-type=\"wp-post\" data-elementor-id=\"9997\" class=\"elementor elementor-9997\">\n\t\t\t\t<div class=\"elementor-element elementor-element-64401d73 e-flex e-con-boxed wpr-particle-no wpr-jarallax-no wpr-parallax-no wpr-sticky-section-no wpr-equal-height-no e-con e-parent\" data-id=\"64401d73\" data-element_type=\"container\" data-e-type=\"container\">\n\t\t\t\t\t<div class=\"e-con-inner\">\n\t\t\t\t\t<\/div>\n\t\t\t\t<\/div>\n\t\t\t\t<\/div>\n\t\t","protected":false},"excerpt":{"rendered":"<p>1 sess\u00e3o | 4 horas<br \/>\n<strong>S\u00e1b &#8211; 23 Maio 2026<\/strong><br \/>\n<b>14h-18h<\/b><br \/>\nPre\u00e7o \u2014 130\u20ac (Material inclu\u00eddo)<br \/>\nFormadora \u2014 Alexandra Breda<\/p>\n<p>&nbsp;<\/p>\n<p class=\"wp-block-heading\"><strong>Descri\u00e7\u00e3o:<\/strong><br \/>\nNeste workshop , ir\u00e1 aprender a t\u00e9cnica artesanal de criar pe\u00e7as t\u00eaxteis, utilizando uma pistola de tufting.<br \/>\nN\u00e3o \u00e9 necess\u00e1rio ter experi\u00eancia pr\u00e9via, ser\u00e1 dado todo o acompanhamento personalizado ao longo da sess\u00e3o.<\/p>\n<p>&nbsp;<\/p>\n<p><strong>Conte\u00fados program\u00e1ticos:<\/strong><br \/>\n&#8211; Principios b\u00e1sicos de tufting.<br \/>\n&#8211; Apresenta\u00e7\u00e3o dos diferentes materiais de tufting e explica\u00e7\u00e3o do processo.<br \/>\n&#8211; Demonstra\u00e7\u00e3o pr\u00e1tica da utiliza\u00e7\u00e3o da pistola de tufting.<br \/>\n&#8211; Transfer\u00eancia do desenho para o tecido.<\/p>\n<p>&nbsp;<\/p>\n<p><strong>Escolha do desenho:<\/strong><br \/>\nPode optar por trazer o seu pr\u00f3prio desenho original \u00a0de 30 x 40 cm (sujeito \u00e0 verifica\u00e7\u00e3o da sua viabilidade antes do workshop) ou pode escolher um dos designs dispon\u00edveis no workshop.<\/p>\n<p>&nbsp;<\/p>\n<p><strong>Materiais:<br \/>\n<\/strong>Est\u00e1 incluido todo o material para o desenvolvimento de uma pe\u00e7a t\u00eaxtil de \u00a030 x 40 cm.<br \/>\n. at\u00e9 4 cores de l\u00e3<br \/>\n. Tela de tufting<br \/>\n. Pistola tufting para utilizar durante o workshop<br \/>\n. Cola, tecido para acabamento ou moldura.<\/p>\n<div class=\"product-description\">\n<p>Nota: Os acabamentos das pe\u00e7as (aplica\u00e7\u00e3o da cola, aparar, aplica\u00e7\u00e3o do tecido de acabamento ou moldura) ser\u00e3o realizados pelo Breda Atelier. A pe\u00e7a t\u00eaxtil ser\u00e1 entregue posteriormente a combinar com o participante ou poder\u00e1 ser enviada por correio (o valor dos portes ser\u00e1 suportado pelo participante).<\/p>\n<p>&nbsp;<\/p>\n<\/div>\n<p><strong>Cancelamento:<\/strong><br \/>\nO cancelamento\/adiamento\/reembolso \u00e9 permitido com um aviso m\u00ednimo de 7 dias de anteced\u00eancia antes do in\u00edcio do workshop. Caso o participante n\u00e3o compare\u00e7a \u00e0 sess\u00e3o previamente acordada e sem aviso, esta n\u00e3o ser\u00e1 substitu\u00edda ou re-agendada.<\/p>\n<p>&nbsp;<\/p>\n<p><strong>N\u00ba de Participantes<\/strong><br \/>\nN\u00ba m\u00ednimo de participantes: 2<br \/>\nN\u00ba m\u00e1ximo de participantes:3<br \/>\nNota: a forma\u00e7\u00e3o poder\u00e1 ser adiada ou cancelada caso n\u00e3o esteja reunido o n\u00famero m\u00ednimo de participantes.<\/p>\n<p>Idade m\u00ednima de participa\u00e7\u00e3o: 16 anos<\/p>\n<p>Para mais informa\u00e7\u00f5es, contate \u00a0atrav\u00e9s do email: info@bredaatelier.com<\/p>\n","protected":false},"featured_media":9999,"template":"","meta":[],"product_brand":[],"product_cat":[88],"product_tag":[],"class_list":{"0":"post-9997","1":"product","2":"type-product","3":"status-publish","4":"has-post-thumbnail","6":"product_cat-workshops","8":"first","9":"instock","10":"virtual","11":"purchasable","12":"product-type-simple"},"aioseo_notices":[],"_links":{"self":[{"href":"https:\/\/bredaatelier.com\/en\/wp-json\/wp\/v2\/product\/9997","targetHints":{"allow":["GET"]}}],"collection":[{"href":"https:\/\/bredaatelier.com\/en\/wp-json\/wp\/v2\/product"}],"about":[{"href":"https:\/\/bredaatelier.com\/en\/wp-json\/wp\/v2\/types\/product"}],"version-history":[{"count":23,"href":"https:\/\/bredaatelier.com\/en\/wp-json\/wp\/v2\/product\/9997\/revisions"}],"predecessor-version":[{"id":10042,"href":"https:\/\/bredaatelier.com\/en\/wp-json\/wp\/v2\/product\/9997\/revisions\/10042"}],"wp:featuredmedia":[{"embeddable":true,"href":"https:\/\/bredaatelier.com\/en\/wp-json\/wp\/v2\/media\/9999"}],"wp:attachment":[{"href":"https:\/\/bredaatelier.com\/en\/wp-json\/wp\/v2\/media?parent=9997"}],"wp:term":[{"taxonomy":"product_brand","embeddable":true,"href":"https:\/\/bredaatelier.com\/en\/wp-json\/wp\/v2\/product_brand?post=9997"},{"taxonomy":"product_cat","embeddable":true,"href":"https:\/\/bredaatelier.com\/en\/wp-json\/wp\/v2\/product_cat?post=9997"},{"taxonomy":"product_tag","embeddable":true,"href":"https:\/\/bredaatelier.com\/en\/wp-json\/wp\/v2\/product_tag?post=9997"}],"curies":[{"name":"wp","href":"https:\/\/api.w.org\/{rel}","templated":true}]}}