{"id":9482,"date":"2026-04-12T16:39:38","date_gmt":"2026-04-12T16:39:38","guid":{"rendered":"https:\/\/bredaatelier.com\/?post_type=product&#038;p=9482"},"modified":"2026-04-13T01:08:50","modified_gmt":"2026-04-13T01:08:50","slug":"workshop-flores-ceramicas","status":"publish","type":"product","link":"https:\/\/bredaatelier.com\/en\/product\/workshop-flores-ceramicas\/","title":{"rendered":"Workshop &#8211; Flores Cer\u00e2micas"},"content":{"rendered":"\t\t<div data-elementor-type=\"wp-post\" data-elementor-id=\"9482\" class=\"elementor elementor-9482\">\n\t\t\t\t<div class=\"elementor-element elementor-element-64401d73 e-flex e-con-boxed wpr-particle-no wpr-jarallax-no wpr-parallax-no wpr-sticky-section-no wpr-equal-height-no e-con e-parent\" data-id=\"64401d73\" data-element_type=\"container\" data-e-type=\"container\">\n\t\t\t\t\t<div class=\"e-con-inner\">\n\t\t\t\t\t<\/div>\n\t\t\t\t<\/div>\n\t\t\t\t<\/div>\n\t\t","protected":false},"excerpt":{"rendered":"<p>1 sess\u00e3o | 3 horas<br \/>\n<strong>S\u00e1b &#8211; 2 Maio 2026<\/strong><br \/>\n<b>14h-17h<\/b><br \/>\nPre\u00e7o \u2014 45\u20ac (Material inclu\u00eddo)<br \/>\nFormadora \u2014 Alexandra Breda<\/p>\n<p>&nbsp;<\/p>\n<p class=\"wp-block-heading\"><strong>Descri\u00e7\u00e3o:<\/strong><br \/>\nNeste workshop ir\u00e1 aprender a criar uma escultura de uma flor em barro &#8211; Orqu\u00eddea e decor\u00e1-la com engobes.<br \/>\nN\u00e3o \u00e9 necess\u00e1rio ter experi\u00eancia pr\u00e9via, ser\u00e1 dado todo o acompanhamento personalizado ao longo da sess\u00e3o.<\/p>\n<p>&nbsp;<\/p>\n<p><strong>Conte\u00fados program\u00e1ticos:<\/strong><br \/>\n&#8211; Breve explica\u00e7\u00e3o da anatomia da Orqu\u00eddea<br \/>\n&#8211; Modela\u00e7\u00e3o da flor, a partir de uma lastra.<br \/>\n&#8211; Detalhes, acabamento e decora\u00e7\u00e3o.<\/p>\n<p>&nbsp;<\/p>\n<p><strong>Materiais:<\/strong><br \/>\nTodos os materiais est\u00e3o inclu\u00eddos : barro, ferramentas de modela\u00e7\u00e3o, engobes e cozedura.<\/p>\n<p>&nbsp;<\/p>\n<p><strong>Ap\u00f3s a sess\u00e3o:<\/strong><br \/>\nA pe\u00e7a ir\u00e1 secar lentamente e ir\u00e1 ser cozida pelo atelier. Este processo poder\u00e1 demorar entre 3 a 4 semanas. O participante ser\u00e1 depois contatado para proceder ao levantamento da pe\u00e7a.<\/p>\n<p>&nbsp;<\/p>\n<p><strong>Cancelamento:<\/strong><br \/>\nO cancelamento\/adiamento\/reembolso \u00e9 permitido com um aviso m\u00ednimo de 7 dias de anteced\u00eancia antes do in\u00edcio do workshop. Caso o participante n\u00e3o compare\u00e7a \u00e0 sess\u00e3o previamente acordada e sem aviso, esta n\u00e3o ser\u00e1 substitu\u00edda ou re-agendada.<\/p>\n<p><strong>N\u00ba de Participantes<\/strong><br \/>\nN\u00ba m\u00ednimo de participantes: 2<br \/>\nN\u00ba m\u00e1ximo de participantes:3<br \/>\nNota: a forma\u00e7\u00e3o poder\u00e1 ser adiada ou cancelada caso n\u00e3o esteja reunido o n\u00famero m\u00ednimo de participantes.<\/p>\n<p>Idade m\u00ednima de participa\u00e7\u00e3o: 16 anos<\/p>\n<p>Para mais informa\u00e7\u00f5es, contate \u00a0atrav\u00e9s do email: info@bredaatelier.com<\/p>\n","protected":false},"featured_media":9985,"template":"","meta":[],"product_brand":[],"product_cat":[88],"product_tag":[],"class_list":{"0":"post-9482","1":"product","2":"type-product","3":"status-publish","4":"has-post-thumbnail","6":"product_cat-workshops","8":"first","9":"instock","10":"virtual","11":"purchasable","12":"product-type-simple"},"aioseo_notices":[],"_links":{"self":[{"href":"https:\/\/bredaatelier.com\/en\/wp-json\/wp\/v2\/product\/9482","targetHints":{"allow":["GET"]}}],"collection":[{"href":"https:\/\/bredaatelier.com\/en\/wp-json\/wp\/v2\/product"}],"about":[{"href":"https:\/\/bredaatelier.com\/en\/wp-json\/wp\/v2\/types\/product"}],"version-history":[{"count":43,"href":"https:\/\/bredaatelier.com\/en\/wp-json\/wp\/v2\/product\/9482\/revisions"}],"predecessor-version":[{"id":10045,"href":"https:\/\/bredaatelier.com\/en\/wp-json\/wp\/v2\/product\/9482\/revisions\/10045"}],"wp:featuredmedia":[{"embeddable":true,"href":"https:\/\/bredaatelier.com\/en\/wp-json\/wp\/v2\/media\/9985"}],"wp:attachment":[{"href":"https:\/\/bredaatelier.com\/en\/wp-json\/wp\/v2\/media?parent=9482"}],"wp:term":[{"taxonomy":"product_brand","embeddable":true,"href":"https:\/\/bredaatelier.com\/en\/wp-json\/wp\/v2\/product_brand?post=9482"},{"taxonomy":"product_cat","embeddable":true,"href":"https:\/\/bredaatelier.com\/en\/wp-json\/wp\/v2\/product_cat?post=9482"},{"taxonomy":"product_tag","embeddable":true,"href":"https:\/\/bredaatelier.com\/en\/wp-json\/wp\/v2\/product_tag?post=9482"}],"curies":[{"name":"wp","href":"https:\/\/api.w.org\/{rel}","templated":true}]}}